{"id":725,"date":"2018-07-20T10:02:46","date_gmt":"2018-07-20T10:02:46","guid":{"rendered":"http:\/\/naturheilpraxis-bodanrueck.de\/?page_id=725"},"modified":"2025-12-06T18:11:00","modified_gmt":"2025-12-06T18:11:00","slug":"diagnose-therapie-test","status":"publish","type":"page","link":"https:\/\/naturheilpraxis-bodanrueck.de\/?page_id=725","title":{"rendered":"Diagnose &#038; Therapie"},"content":{"rendered":"<h3><strong><img loading=\"lazy\" decoding=\"async\" class=\"alignleft size-full wp-image-858\" src=\"http:\/\/naturheilpraxis-bodanrueck.de\/wp-content\/uploads\/2018\/07\/Therapien3.jpg\" alt=\"\" width=\"858\" height=\"392\" \/><\/strong><\/h3>\n<pre><\/pre>\n<h3 class=\"c-pagetitle u-inset\"><em><strong>Die Schwerpunkte meiner Diagnose- &amp; Therapieverfahren<\/strong><\/em><\/h3>\n<ul>\n<li><a style=\"pointer-events: none;\" href=\"http:\/\/naturheilpraxis-bodanrueck.de\/?page_id=250\">Fu\u00dfreflexzonendiagnostik &amp; -therapie<\/a><\/li>\n<li><a style=\"pointer-events: none;\" href=\"http:\/\/naturheilpraxis-bodanrueck.de\/?page_id=258\">Nosodentherapie<\/a><\/li>\n<li>Bioresonanzdiagnostik &amp; -therapie<\/li>\n<li><a style=\"pointer-events: none;\" href=\"http:\/\/naturheilpraxis-bodanrueck.de\/?page_id=256\">Bioenergetische Ganzheitsmedizin<\/a><\/li>\n<li><a style=\"pointer-events: none;\" href=\"http:\/\/naturheilpraxis-bodanrueck.de\/?page_id=366\">Resonanztestung<\/a><\/li>\n<li><a style=\"pointer-events: none;\" href=\"http:\/\/naturheilpraxis-bodanrueck.de\/?page_id=523\">Zeckenbisserkrankungen<\/a><\/li>\n<li><a style=\"pointer-events: none;\" href=\"http:\/\/naturheilpraxis-bodanrueck.de\/?page_id=519\">Pilzerkrankungen (Mykosen)<\/a><\/li>\n<li>Bl\u00fcten- &amp; weitere Essenzen<\/li>\n<li>Hormonbalance<\/li>\n<li>Energiearbeit<\/li>\n<\/ul>\n<p style=\"text-align: right;\"><span style=\"font-size: 8pt;\"><a style=\"pointer-events: none;\" href=\"http:\/\/naturheilpraxis-bodanrueck.de\/?page_id=725\"> zur \u00dcbersicht<\/a><\/span><\/p>\n<h6><strong>Aus rechtlichen Gr\u00fcnden weise ich darauf hin, dass meine Therapieverfahren und deren Wirkungen schulmedizinisch\/wissenschaftlich weder bewiesen noch anerkannt sind. Sie beruhen ausschlie\u00dflich auf dem Erfahrungswissen der Naturheilkunde. Der Verlauf und Erfolg der Behandlung h\u00e4ngt stets von individuellen Faktoren des Patienten ab. Bei keiner der aufgef\u00fchrten Therapien verspreche oder garantiere ich eine Heilung oder Linderung einer Erkrankung.<\/strong><\/h6>\n<p><em><strong>\u00a0<\/strong><\/em><\/p>\n","protected":false},"excerpt":{"rendered":"<p>Die Schwerpunkte meiner Diagnose- &amp; Therapieverfahren Fu\u00dfreflexzonendiagnostik &amp; -therapie Nosodentherapie Bioresonanzdiagnostik &amp; -therapie Bioenergetische Ganzheitsmedizin Resonanztestung Zeckenbisserkrankungen Pilzerkrankungen (Mykosen) Bl\u00fcten- &amp; weitere Essenzen Hormonbalance Energiearbeit zur \u00dcbersicht Aus rechtlichen Gr\u00fcnden weise ich darauf hin, dass meine Therapieverfahren und deren Wirkungen schulmedizinisch\/wissenschaftlich weder bewiesen noch anerkannt sind. Sie beruhen ausschlie\u00dflich auf dem Erfahrungswissen der Naturheilkunde. Der <a href=\"https:\/\/naturheilpraxis-bodanrueck.de\/?page_id=725\" class=\"more-link\">...weiterlesen<span class=\"screen-reader-text\"> \"Diagnose &#038; Therapie\"<\/span><\/a><\/p>\n","protected":false},"author":1,"featured_media":0,"parent":0,"menu_order":0,"comment_status":"closed","ping_status":"closed","template":"","meta":{"footnotes":""},"class_list":["post-725","page","type-page","status-publish","h-entry","hentry","h-as-page"],"_links":{"self":[{"href":"https:\/\/naturheilpraxis-bodanrueck.de\/index.php?rest_route=\/wp\/v2\/pages\/725","targetHints":{"allow":["GET"]}}],"collection":[{"href":"https:\/\/naturheilpraxis-bodanrueck.de\/index.php?rest_route=\/wp\/v2\/pages"}],"about":[{"href":"https:\/\/naturheilpraxis-bodanrueck.de\/index.php?rest_route=\/wp\/v2\/types\/page"}],"author":[{"embeddable":true,"href":"https:\/\/naturheilpraxis-bodanrueck.de\/index.php?rest_route=\/wp\/v2\/users\/1"}],"replies":[{"embeddable":true,"href":"https:\/\/naturheilpraxis-bodanrueck.de\/index.php?rest_route=%2Fwp%2Fv2%2Fcomments&post=725"}],"version-history":[{"count":16,"href":"https:\/\/naturheilpraxis-bodanrueck.de\/index.php?rest_route=\/wp\/v2\/pages\/725\/revisions"}],"predecessor-version":[{"id":1134,"href":"https:\/\/naturheilpraxis-bodanrueck.de\/index.php?rest_route=\/wp\/v2\/pages\/725\/revisions\/1134"}],"wp:attachment":[{"href":"https:\/\/naturheilpraxis-bodanrueck.de\/index.php?rest_route=%2Fwp%2Fv2%2Fmedia&parent=725"}],"curies":[{"name":"wp","href":"https:\/\/api.w.org\/{rel}","templated":true}]}}