{"id":6,"date":"2018-05-14T11:41:22","date_gmt":"2018-05-14T11:41:22","guid":{"rendered":"http:\/\/naturheilpraxis-bodanrueck.de\/?page_id=6"},"modified":"2018-07-25T06:35:30","modified_gmt":"2018-07-25T06:35:30","slug":"optionale-startseite","status":"publish","type":"page","link":"https:\/\/naturheilpraxis-bodanrueck.de\/","title":{"rendered":"Herzlich Willkommen"},"content":{"rendered":"<h3><em><strong>Sch\u00f6n, dass Sie mich gefunden haben!<\/strong><\/em><\/h3>\n<p>Die folgenden Seiten sollen Ihnen einerseits einen \u00dcberblick \u00fcber meine Praxis-philosophie geben\u00a0 und andererseits haben Sie die M\u00f6glichkeit, kleine Einblicke in die verschiedenen Behandlungsans\u00e4tze, die ich in meiner Praxis verfolge, zu gewinnen.<\/p>\n<p>Sollte ich Ihr Interesse wecken, rufen Sie mich an. Ich freue mich auf Sie und verbleibe mit den besten W\u00fcnschen<\/p>\n<p><em><strong>Veronika Assfahl<\/strong><\/em><\/p>\n<p><img loading=\"lazy\" decoding=\"async\" class=\"alignleft size-full wp-image-703\" src=\"http:\/\/naturheilpraxis-bodanrueck.de\/wp-content\/uploads\/2018\/06\/Startbild1.jpg\" alt=\"\" width=\"911\" height=\"668\" srcset=\"https:\/\/naturheilpraxis-bodanrueck.de\/wp-content\/uploads\/2018\/06\/Startbild1.jpg 911w, https:\/\/naturheilpraxis-bodanrueck.de\/wp-content\/uploads\/2018\/06\/Startbild1-300x220.jpg 300w, https:\/\/naturheilpraxis-bodanrueck.de\/wp-content\/uploads\/2018\/06\/Startbild1-768x563.jpg 768w\" sizes=\"auto, (max-width: 911px) 100vw, 911px\" \/><\/p>\n","protected":false},"excerpt":{"rendered":"<p>Sch\u00f6n, dass Sie mich gefunden haben! Die folgenden Seiten sollen Ihnen einerseits einen \u00dcberblick \u00fcber meine Praxis-philosophie geben\u00a0 und andererseits haben Sie die M\u00f6glichkeit, kleine Einblicke in die verschiedenen Behandlungsans\u00e4tze, die ich in meiner Praxis verfolge, zu gewinnen. Sollte ich Ihr Interesse wecken, rufen Sie mich an. Ich freue mich auf Sie und verbleibe mit <a href=\"https:\/\/naturheilpraxis-bodanrueck.de\/\" class=\"more-link\">...weiterlesen<span class=\"screen-reader-text\"> \"Herzlich Willkommen\"<\/span><\/a><\/p>\n","protected":false},"author":1,"featured_media":828,"parent":0,"menu_order":0,"comment_status":"closed","ping_status":"closed","template":"","meta":{"footnotes":""},"class_list":["post-6","page","type-page","status-publish","has-post-thumbnail","h-entry","hentry","h-as-page"],"_links":{"self":[{"href":"https:\/\/naturheilpraxis-bodanrueck.de\/index.php?rest_route=\/wp\/v2\/pages\/6","targetHints":{"allow":["GET"]}}],"collection":[{"href":"https:\/\/naturheilpraxis-bodanrueck.de\/index.php?rest_route=\/wp\/v2\/pages"}],"about":[{"href":"https:\/\/naturheilpraxis-bodanrueck.de\/index.php?rest_route=\/wp\/v2\/types\/page"}],"author":[{"embeddable":true,"href":"https:\/\/naturheilpraxis-bodanrueck.de\/index.php?rest_route=\/wp\/v2\/users\/1"}],"replies":[{"embeddable":true,"href":"https:\/\/naturheilpraxis-bodanrueck.de\/index.php?rest_route=%2Fwp%2Fv2%2Fcomments&post=6"}],"version-history":[{"count":37,"href":"https:\/\/naturheilpraxis-bodanrueck.de\/index.php?rest_route=\/wp\/v2\/pages\/6\/revisions"}],"predecessor-version":[{"id":912,"href":"https:\/\/naturheilpraxis-bodanrueck.de\/index.php?rest_route=\/wp\/v2\/pages\/6\/revisions\/912"}],"wp:featuredmedia":[{"embeddable":true,"href":"https:\/\/naturheilpraxis-bodanrueck.de\/index.php?rest_route=\/wp\/v2\/media\/828"}],"wp:attachment":[{"href":"https:\/\/naturheilpraxis-bodanrueck.de\/index.php?rest_route=%2Fwp%2Fv2%2Fmedia&parent=6"}],"curies":[{"name":"wp","href":"https:\/\/api.w.org\/{rel}","templated":true}]}}