{"id":523,"date":"2018-05-24T10:06:08","date_gmt":"2018-05-24T10:06:08","guid":{"rendered":"http:\/\/naturheilpraxis-bodanrueck.de\/?page_id=523"},"modified":"2018-07-24T13:54:29","modified_gmt":"2018-07-24T13:54:29","slug":"zeckenbisserkrankungen","status":"publish","type":"page","link":"https:\/\/naturheilpraxis-bodanrueck.de\/?page_id=523","title":{"rendered":"Zeckenbisserkrankungen"},"content":{"rendered":"<p style=\"text-align: justify;\">Zeckenbisserkrankungen sind Erkrankungen, welche durch Zecken w\u00e4hrend eines Zeckenbisses auf den menschlichen Organismus \u00fcbertragen werden.<\/p>\n<p style=\"text-align: left;\"><img loading=\"lazy\" decoding=\"async\" class=\"alignleft size-full wp-image-863\" src=\"http:\/\/naturheilpraxis-bodanrueck.de\/wp-content\/uploads\/2018\/07\/Therapie-6.jpg\" alt=\"\" width=\"216\" height=\"199\" \/>Zu den bekanntesten Zeckenbisserkrankungen geh\u00f6ren:<\/p>\n<ul style=\"text-align: justify;\">\n<li>Borreliose<\/li>\n<li>FSME (Fr\u00fchsommermeningoencephalitis)<\/li>\n<li>Zeckenbissfieber<\/li>\n<li>Q-Fieber<\/li>\n<li>Wolhynisches Fieber<\/li>\n<\/ul>\n<p style=\"text-align: justify;\">Von einer Zecke k\u00f6nnen noch viele weitere Erkrankungen mit ihren Erreger \u00fcbertragen werden wie z.B. Rickettsien, Borna-Viren, Ehrlichinen, Anaplasmen, Babesien, Bartonellen, Tular\u00e4mie u.v.m.<\/p>\n<p style=\"text-align: justify;\">Es kann auch zu Mischinfektionen kommen, welche sich wechselseitig beeinflussen und gegenseitig st\u00e4rken und verst\u00e4rken oder es kommt im Organismus zu Co-Infektionen mit Erregern, welche bereits schon vor Zeckenstich vorhanden waren.<\/p>\n<p style=\"text-align: justify;\">Die steigenden Temperaturen, bedingt durch den Klimawandel, verl\u00e4ngern die aktive Zeit von Zecken (ab 6\u00b0 C). Die Wahrscheinlichkeit durch einen Zeckenbiss zu erkranken wird somit immer gr\u00f6\u00dfer. Dementsprechend werden Zeckenbisserkrankungen weiter zu nehmen und eine Therapie immer wichtiger werden.<\/p>\n<p style=\"text-align: justify;\">Zeckenbisse und die damit \u00fcbertragenden Erreger stellen immer h\u00e4ufiger die Ursache f\u00fcr chronische Erkrankungen wie Gelenkentz\u00fcndungen, Kopfschmerzen, Atembeschwerden, Rhythmusst\u00f6rungen, Sensibilit\u00e4tsst\u00f6rungen, Muskelschmerzen, chronische M\u00fcdigkeit, Konzentrationsst\u00f6rungen u.v.a. dar.<\/p>\n<p style=\"text-align: justify;\">90% der Zeckenbisse werden vom Wirt nicht bemerkt. Die Einstichstelle wird durch die Zecke bet\u00e4ubt. Die Zecke selber kann sich so geschickt bewegen, dass es nicht bemerkt wird, wenn sie \u00fcber die Haut krabbelt. Die Kleinste aktive Zecke (Larve) ist 0,5mm gro\u00df und f\u00fcr das blo\u00dfe Auge kaum zu erkennen. Wenn die Zecke dann noch im Haar sitzt oder am R\u00fccken kann die Zecke nicht gesehen werden. Die Krankheitsentwicklung ist meistens schleichend und beginnt mit leichten grippe\u00e4hnlichen Symptomen, die nach kurzer Zeit wieder abklingen. Nach Wochen folgen dann neue Krankheitszeichen dies k\u00f6nnen sein:<\/p>\n<ul style=\"text-align: justify;\">\n<li>Kopfschmerzen<\/li>\n<li>M\u00fcdigkeit<\/li>\n<li>Gelenkschmerzen<\/li>\n<li>Kreislaufst\u00f6rungen<\/li>\n<li>Atembeschwerden<\/li>\n<li>Hautver\u00e4nderungen<\/li>\n<li>Nervenentz\u00fcndungen<\/li>\n<\/ul>\n<p style=\"text-align: justify;\">Eine kreisrunde R\u00f6tung (Erythema migrans) ist immer ein sicheres Indiz f\u00fcr eine Erkrankung an Borreliose und geh\u00f6rt dringend in therapeutische H\u00e4nde.<\/p>\n<p style=\"text-align: justify;\">Da Borrelien selten alleine auftreten, aber oft urs\u00e4chlich mit enthalten sind, bei einer Vielzahl von anderen Krankheiten und \/ oder Mischinfektionen, zeigen solche Krankheitsbilder eine sehr gro\u00dfe Komplexit\u00e4t in der Behandlungsstrategie.<\/p>\n<p style=\"text-align: right;\"><span style=\"font-size: 8pt;\"><a href=\"http:\/\/naturheilpraxis-bodanrueck.de\/?page_id=725\"> zur \u00dcbersicht<\/a><\/span><\/p>\n","protected":false},"excerpt":{"rendered":"<p>Zeckenbisserkrankungen sind Erkrankungen, welche durch Zecken w\u00e4hrend eines Zeckenbisses auf den menschlichen Organismus \u00fcbertragen werden. Zu den bekanntesten Zeckenbisserkrankungen geh\u00f6ren: Borreliose FSME (Fr\u00fchsommermeningoencephalitis) Zeckenbissfieber Q-Fieber Wolhynisches Fieber Von einer Zecke k\u00f6nnen noch viele weitere Erkrankungen mit ihren Erreger \u00fcbertragen werden wie z.B. Rickettsien, Borna-Viren, Ehrlichinen, Anaplasmen, Babesien, Bartonellen, Tular\u00e4mie u.v.m. Es kann auch zu Mischinfektionen <a href=\"https:\/\/naturheilpraxis-bodanrueck.de\/?page_id=523\" class=\"more-link\">...weiterlesen<span class=\"screen-reader-text\"> \"Zeckenbisserkrankungen\"<\/span><\/a><\/p>\n","protected":false},"author":1,"featured_media":0,"parent":0,"menu_order":0,"comment_status":"closed","ping_status":"closed","template":"","meta":{"footnotes":""},"class_list":["post-523","page","type-page","status-publish","h-entry","hentry","h-as-page"],"_links":{"self":[{"href":"https:\/\/naturheilpraxis-bodanrueck.de\/index.php?rest_route=\/wp\/v2\/pages\/523","targetHints":{"allow":["GET"]}}],"collection":[{"href":"https:\/\/naturheilpraxis-bodanrueck.de\/index.php?rest_route=\/wp\/v2\/pages"}],"about":[{"href":"https:\/\/naturheilpraxis-bodanrueck.de\/index.php?rest_route=\/wp\/v2\/types\/page"}],"author":[{"embeddable":true,"href":"https:\/\/naturheilpraxis-bodanrueck.de\/index.php?rest_route=\/wp\/v2\/users\/1"}],"replies":[{"embeddable":true,"href":"https:\/\/naturheilpraxis-bodanrueck.de\/index.php?rest_route=%2Fwp%2Fv2%2Fcomments&post=523"}],"version-history":[{"count":10,"href":"https:\/\/naturheilpraxis-bodanrueck.de\/index.php?rest_route=\/wp\/v2\/pages\/523\/revisions"}],"predecessor-version":[{"id":902,"href":"https:\/\/naturheilpraxis-bodanrueck.de\/index.php?rest_route=\/wp\/v2\/pages\/523\/revisions\/902"}],"wp:attachment":[{"href":"https:\/\/naturheilpraxis-bodanrueck.de\/index.php?rest_route=%2Fwp%2Fv2%2Fmedia&parent=523"}],"curies":[{"name":"wp","href":"https:\/\/api.w.org\/{rel}","templated":true}]}}