{"id":519,"date":"2018-05-24T09:05:51","date_gmt":"2018-05-24T09:05:51","guid":{"rendered":"http:\/\/naturheilpraxis-bodanrueck.de\/?page_id=519"},"modified":"2018-07-24T13:49:35","modified_gmt":"2018-07-24T13:49:35","slug":"pilzerkrankungen-mykosen","status":"publish","type":"page","link":"https:\/\/naturheilpraxis-bodanrueck.de\/?page_id=519","title":{"rendered":"Pilzerkrankungen (Mykosen)"},"content":{"rendered":"<p><img loading=\"lazy\" decoding=\"async\" class=\"size-full wp-image-870 alignleft\" src=\"http:\/\/naturheilpraxis-bodanrueck.de\/wp-content\/uploads\/2018\/07\/Therapie11.jpg\" alt=\"\" width=\"219\" height=\"200\" \/>Pilze sind normale Bewohner unserer Umwelt und auch der gesunden Haut, es existiert eine kaum zu \u00fcberblickende Anzahl unterschiedlicher Arten. Es gibt Hefe-, Schimmel- sowie Haut-, Nagel- und Haarpilze. Normalerweise sind diese Pilze f\u00fcr den Menschen nicht gef\u00e4hrlich. Ein gesundes Immunsystem kann die Eindringlinge selbstt\u00e4tig bek\u00e4mpfen und somit unsch\u00e4dlich machen. Wenn sie allerdings auf besonders g\u00fcnstige Wachstumsbedingungen treffen, k\u00f6nnen sie sich am oder auch im menschlichen Organismus vermehren.<\/p>\n<p>Solche g\u00fcnstigen Wachstumsbedingungen k\u00f6nnen zum Beispiel sein:<\/p>\n<ul>\n<li>eine Verschiebung des Darmmilieus in Richtung sauer<\/li>\n<li>bei geschw\u00e4chter Immunabwehr<\/li>\n<li>nach Einnahme von Antibiotika, da Antibiotika zur Bek\u00e4mpfung von Bakterien aus Pilzen hergestellt wird<\/li>\n<li>bei h\u00e4ufiger Aufnahme oder Dauerexposition von Pilzsporen z.B. Schimmelpilzen<\/li>\n<li>bereits bestehende Stoffwechselerkrankungen<\/li>\n<\/ul>\n<p>Pathogene (krankmachende) Pilze besiedeln mit Vorliebe ein gest\u00f6rtes K\u00f6rpermilieu. Gelingt es nicht, die Pilze konsequent zu beseitigen, kann es zu einer Massenvermehrung kommen. Diese krankmachenden Pilze im K\u00f6rper sind h\u00e4ufig Ursachen f\u00fcr Funktionsst\u00f6rungen im gesamten Organismus sowie f\u00fcr viele unerkl\u00e4rliche Erkrankungen.<\/p>\n<p>Das Spektrum der Krankheitssymptome reicht von<\/p>\n<ul>\n<li>l\u00e4stigen Hautver\u00e4nderungen wie z.B. Nagelpilz, Hautpilze, Neurodermitis<\/li>\n<li>Haarausfall<\/li>\n<li>Kopfschmerzen und Migr\u00e4ne<\/li>\n<li>Verdauungsst\u00f6rungen<\/li>\n<li>Befall der Mundschleimh\u00e4ute und auch der Speiser\u00f6hre<\/li>\n<li>Atemwegserkrankungen und Befall der Lunge<\/li>\n<li>Allergien<\/li>\n<li>und vieles mehr bis hin zu einem lebensbedrohlichen Befall innerer Organe<\/li>\n<\/ul>\n<p>Pilzinfektionen (Mykosen) sind grunds\u00e4tzlich therapiebed\u00fcrftig!<\/p>\n<p>Wichtig ist es Pilzinfektionen \u00fcberhaupt zu erkennen und sie von anderen Infektionen und Erkrankungen zu unterschieden, damit sie letztendlich mit der <a href=\"http:\/\/naturheilpraxis-bodanrueck.de\/?page_id=258\">Nosodentherapie<\/a> behandelt werden k\u00f6nnen.<\/p>\n<p style=\"text-align: right;\"><span style=\"font-size: 8pt;\"><a href=\"http:\/\/naturheilpraxis-bodanrueck.de\/?page_id=725\"> zur \u00dcbersicht<\/a><\/span><\/p>\n","protected":false},"excerpt":{"rendered":"<p>Pilze sind normale Bewohner unserer Umwelt und auch der gesunden Haut, es existiert eine kaum zu \u00fcberblickende Anzahl unterschiedlicher Arten. Es gibt Hefe-, Schimmel- sowie Haut-, Nagel- und Haarpilze. Normalerweise sind diese Pilze f\u00fcr den Menschen nicht gef\u00e4hrlich. Ein gesundes Immunsystem kann die Eindringlinge selbstt\u00e4tig bek\u00e4mpfen und somit unsch\u00e4dlich machen. Wenn sie allerdings auf besonders <a href=\"https:\/\/naturheilpraxis-bodanrueck.de\/?page_id=519\" class=\"more-link\">...weiterlesen<span class=\"screen-reader-text\"> \"Pilzerkrankungen (Mykosen)\"<\/span><\/a><\/p>\n","protected":false},"author":1,"featured_media":0,"parent":0,"menu_order":0,"comment_status":"closed","ping_status":"closed","template":"","meta":{"footnotes":""},"class_list":["post-519","page","type-page","status-publish","h-entry","hentry","h-as-page"],"_links":{"self":[{"href":"https:\/\/naturheilpraxis-bodanrueck.de\/index.php?rest_route=\/wp\/v2\/pages\/519","targetHints":{"allow":["GET"]}}],"collection":[{"href":"https:\/\/naturheilpraxis-bodanrueck.de\/index.php?rest_route=\/wp\/v2\/pages"}],"about":[{"href":"https:\/\/naturheilpraxis-bodanrueck.de\/index.php?rest_route=\/wp\/v2\/types\/page"}],"author":[{"embeddable":true,"href":"https:\/\/naturheilpraxis-bodanrueck.de\/index.php?rest_route=\/wp\/v2\/users\/1"}],"replies":[{"embeddable":true,"href":"https:\/\/naturheilpraxis-bodanrueck.de\/index.php?rest_route=%2Fwp%2Fv2%2Fcomments&post=519"}],"version-history":[{"count":6,"href":"https:\/\/naturheilpraxis-bodanrueck.de\/index.php?rest_route=\/wp\/v2\/pages\/519\/revisions"}],"predecessor-version":[{"id":897,"href":"https:\/\/naturheilpraxis-bodanrueck.de\/index.php?rest_route=\/wp\/v2\/pages\/519\/revisions\/897"}],"wp:attachment":[{"href":"https:\/\/naturheilpraxis-bodanrueck.de\/index.php?rest_route=%2Fwp%2Fv2%2Fmedia&parent=519"}],"curies":[{"name":"wp","href":"https:\/\/api.w.org\/{rel}","templated":true}]}}