{"id":45,"date":"2018-05-14T17:42:25","date_gmt":"2018-05-14T17:42:25","guid":{"rendered":"http:\/\/naturheilpraxis-bodanrueck.de\/?page_id=45"},"modified":"2023-12-16T20:22:47","modified_gmt":"2023-12-16T20:22:47","slug":"impressum","status":"publish","type":"page","link":"https:\/\/naturheilpraxis-bodanrueck.de\/?page_id=45","title":{"rendered":"Impressum"},"content":{"rendered":"<p>Verantwortlich f\u00fcr den Inhalt der Homepage nach \u00a7 55 Abs. 2 RStV<\/p>\n<p><strong>Veronika Assfahl<br \/>\nHeilpraktikerin<br \/>\nZum Riesenberg 2a<br \/>\n78476 Allensbach<\/strong><br \/>\nTelefon<strong>:<\/strong>\u00a0 +49 (0)7533 9403740<br \/>\nTelefax:\u00a0 +49 (0)7533 9403741<br \/>\n<strong>Email:<\/strong> info@naturheilpraxis-bodanrueck.de<\/p>\n<p><strong>Gesetzliche Berufsbezeichnung:<br \/>\n<\/strong>Heilpraktikerin (verliehen in der Bundesrepublik Deutschland)<br \/>\nDie Erlaubnis nach \u00a71 Abs. 1 des Heilpraktikergesetzes wurde mir am 03.11.2008 durch das Landratsamt Breisgau-Hochschwarzwald, Dezernat 3, Gesundheit und Versorgung erteilt.<\/p>\n<p><strong>Zust\u00e4ndige Aufsichtsbeh\u00f6rde:<br \/>\n<\/strong>Landratsamt Konstanz (Amt f\u00fcr Gesundheit und Versorgung),<br \/>\nScheffelstr. 15, 78315 Radolfzell, Tel: 07531 800-2617<br \/>\nEmail: gesundheitsamt@LRAKN.de<\/p>\n<p><strong>Berufsrechtliche Regelungen:<br \/>\n<\/strong>Gesetz \u00fcber die berufsm\u00e4\u00dfige Aus\u00fcbung der Heilkunde ohne \u00e4rztliche Bestallung (Heilpraktikergesetz) und Durchf\u00fchrungsverordnung:<br \/>\nNachzulesen im Internet unter <a href=\"http:\/\/www.gesetze-im-internet.de\/heilprg\/index.html\">http:\/\/www.gesetze-im-internet.de\/heilprg\/index.html<\/a> und <a href=\"http:\/\/www.gesetze-im-internet.de\/heilprgdv_1\/index.html\">http:\/\/www.gesetze-im-internet.de\/heilprgdv_1\/index.html<\/a><\/p>\n<p><strong>Verbandsmitgliedschaft:<br \/>\n<\/strong>Berufs- und Fachverband Freie Heilpraktiker e.V., Benrather Schlo\u00dfallee 49-53, 40597 D\u00fcsseldorf<br \/>\n<a href=\"http:\/\/www.freieheilpraktiker.com\">http:\/\/www.freieheilpraktiker.com<\/a><u><br \/>\n<\/u>Verbandsrechtliche Berufsordnung <a href=\"http:\/\/www.heilpraktiker.org\/die-berufsordnung-fuer-heilpraktiker\">http:\/\/www.heilpraktiker.org\/die-berufsordnung-fuer-heilpraktiker<\/a><\/p>\n<p><strong>Berufshaftpflichtversicherung:<br \/>\n<\/strong>Continentale Sachversicherung AG, Ruhrallee 92,<br \/>\n44139 Dortmund. Geltungsbereich Bundesrepublik Deutschland<\/p>\n<p><strong>Hinweis:<br \/>\n<\/strong>Heilkundliche T\u00e4tigkeit ist von der Umsatzsteuer nach gem\u00e4\u00df \u00a7 4 Nr.14 UStG befreit.<\/p>\n<p><strong>Bild- und Grafiknachweis<\/strong><strong>:<br \/>\n<\/strong>Veronika Assfahl<br \/>\nBild Zecke: Gemeinfrei\u00a0Photo by Scott Bauer. PD-USGov-USDA-ARS <span style=\"font-size: 8pt;\">From Wikimedia Commons, the free media repository <\/span><span style=\"font-size: 8pt;\">Public domain This image is in the public domain because it contains materials that originally came from the Agricultural Research Service, the research agency of the United States Department of Agriculture<\/span>.<br \/>\nBild Pilz: Gemeinfrei Photo Credit: Content Providers(s): CDC\/Dr. Libero Ajello - <span style=\"font-size: 8pt;\">This media comes from the Centers for Disease Control and Prevention's Public Health Image Library (PHIL), with identification number #4245.None - This image is in the public domain and thus free of any copyright restrictions. As a matter of courtesy we request that the content provider be credited and notified in any public or private usage of this image.\u00a0<\/span>PD-USGov-HHS-CDC <span style=\"font-size: 8pt;\"><i>This image is a work of the Centers for Disease Control and Prevention, part of the United States Department of Health and Human Services. As a work of the U.S. federal government, the image is in the <b>public domain<\/b> in the United States.<\/i><br \/>\n<\/span><\/p>\n<h2><strong>Haftungsausschluss<\/strong><\/h2>\n<p><strong>Haftung f\u00fcr Inhalte:<br \/>\n<\/strong>Die Inhalte meiner Seiten wurden mit gr\u00f6\u00dfter Sorgfalt erstellt. F\u00fcr Richtigkeit, Vollst\u00e4ndigkeit und Aktualit\u00e4t der Inhalte kann ich jedoch keine Gew\u00e4hr \u00fcbernehmen.<br \/>\nAls Dienstanbieter bin ich gem\u00e4\u00df \u00a7 7 Abs.1 TMG f\u00fcr eigene Inhalte auf diesen Seiten nach den allgemeinen Gesetzen verantwortlich. Nach \u00a7\u00a7 8 bis 10 TMG bin ich als Dienstanbieter jedoch nicht verpflichtet, \u00fcbermittelte oder gespeicherte fremde Informationen zu \u00fcberwachen oder nach Umst\u00e4nden zu forschen, die auf eine rechtswidrige T\u00e4tigkeit hinweisen. Verpflichtungen zur Entfernung oder Sperrung der Nutzung von Informationen nach den allgemeinen Gesetzen bleiben hiervon unber\u00fchrt. Eine diesbez\u00fcgliche Haftung ist jedoch erst ab dem Zeitpunkt der Kenntnis einer konkreten Rechtsverletzung m\u00f6glich. Bei Bekanntwerden von entsprechenden Rechtsverletzungen werde ich diese Inhalte umgehend entfernen.<\/p>\n<p><strong>Haftung f\u00fcr Links:<\/strong><br \/>\nMein Angebot enth\u00e4lt Links zu externen Webseiten Dritter, auf deren Inhalte ich keinen Einfluss habe. Deshalb kann ich f\u00fcr diese fremden Inhalte auch keine Gew\u00e4hr \u00fcbernehmen. F\u00fcr die Inhalte der verlinkten Seiten ist stets der jeweilige Anbieter oder Betreiber der Seiten verantwortlich. Die verlinkten Seiten wurden zum Zeitpunkt der Verlinkung auf m\u00f6gliche Rechtsverst\u00f6\u00dfe \u00fcberpr\u00fcft. Rechtswidrige Inhalte waren zum Zeitpunkt der Verlinkung nicht erkennbar. Eine permanente inhaltliche Kontrolle der verlinkten Seiten ist jedoch ohne konkrete Anhaltspunkte einer Rechtsverletzung nicht zumutbar. Bei Bekanntwerden von Rechtsverletzungen werde ich derartige Links umgehend entfernen.<\/p>\n<p><strong>Urheberrecht:<\/strong><br \/>\nDie durch die Seitenbetreiber erstellten Inhalte und Werke auf diesen Seiten unterliegen dem deutschen Urheberrecht. Die Vervielf\u00e4ltigung, Bearbeitung, Verbreitung und jede Art der Verwertung au\u00dferhalb der Grenzen des Urheberrechtes bed\u00fcrfen der schriftlichen Zustimmung des jeweiligen Autors bzw. Erstellers. Downloads und Kopien dieser Seite sind nur f\u00fcr den privaten, nicht kommerziellen Gebrauch gestattet. Soweit die Inhalte auf dieser Seite nicht vom Betreiber erstellt wurden, werden die Urheberrechte Dritter beachtet. Insbesondere werden Inhalte Dritter als solche gekennzeichnet. Sollten Sie trotzdem auf eine Urheberrechtsverletzung aufmerksam werden, bitte ich um einen entsprechenden Hinweis. Bei Bekanntwerden von Rechtsverletzungen werde ich derartige Inhalte umgehend entfernen.<\/p>\n<p><strong>Heilmittelwerbegesetz:<br \/>\n<\/strong>Aus rechtlichen Gr\u00fcnden weise ich darauf hin, dass bei keiner der aufgef\u00fchrten Therapien der Eindruck erweckt wird, dass hier ein Heilungsversprechen meinerseits zugrunde liegt, bzw. eine Verbesserung oder Linderung garantiert oder versprochen wird.<\/p>\n<p><strong>Abmahnungsversuche:<br \/>\n<\/strong>Keine Abmahnung ohne vorherigen Kontakt!<br \/>\nSollte der Inhalt oder die Aufmachung dieser Seiten fremde Rechte Dirtter oder gesetzliche Bestimmungen verletzen, so bitte ich um eine entsprechende Nachricht ohne Kosten.<br \/>\nIch garantiere, dass die zu Recht beanstandeten Passagen unverz\u00fcglich entfernt werden, ohne dass von Ihrer Seite die Einschaltung eines Rechtsbeistandes erforderlich ist.<br \/>\nDennoch von Ihnen ohne vorhergie Kontaktaufnahme ausgel\u00f6ste Kosten werde ich g\u00e4nzlich zur\u00fcckweisen und gegebenenfalls Gegenklage wegen Verletzung vorgenannter Bestimmungen einriechen. Vielen Dank f\u00fcr Ihr Verst\u00e4ndnis.<\/p>\n","protected":false},"excerpt":{"rendered":"<p>Verantwortlich f\u00fcr den Inhalt der Homepage nach \u00a7 55 Abs. 2 RStV Veronika Assfahl Heilpraktikerin Zum Riesenberg 2a 78476 Allensbach Telefon:\u00a0 +49 (0)7533 9403740 Telefax:\u00a0 +49 (0)7533 9403741 Email: info@naturheilpraxis-bodanrueck.de Gesetzliche Berufsbezeichnung: Heilpraktikerin (verliehen in der Bundesrepublik Deutschland) Die Erlaubnis nach \u00a71 Abs. 1 des Heilpraktikergesetzes wurde mir am 03.11.2008 durch das Landratsamt Breisgau-Hochschwarzwald, Dezernat <a href=\"https:\/\/naturheilpraxis-bodanrueck.de\/?page_id=45\" class=\"more-link\">...weiterlesen<span class=\"screen-reader-text\"> \"Impressum\"<\/span><\/a><\/p>\n","protected":false},"author":1,"featured_media":0,"parent":0,"menu_order":2,"comment_status":"closed","ping_status":"closed","template":"","meta":{"footnotes":""},"class_list":["post-45","page","type-page","status-publish","h-entry","hentry","h-as-page"],"_links":{"self":[{"href":"https:\/\/naturheilpraxis-bodanrueck.de\/index.php?rest_route=\/wp\/v2\/pages\/45","targetHints":{"allow":["GET"]}}],"collection":[{"href":"https:\/\/naturheilpraxis-bodanrueck.de\/index.php?rest_route=\/wp\/v2\/pages"}],"about":[{"href":"https:\/\/naturheilpraxis-bodanrueck.de\/index.php?rest_route=\/wp\/v2\/types\/page"}],"author":[{"embeddable":true,"href":"https:\/\/naturheilpraxis-bodanrueck.de\/index.php?rest_route=\/wp\/v2\/users\/1"}],"replies":[{"embeddable":true,"href":"https:\/\/naturheilpraxis-bodanrueck.de\/index.php?rest_route=%2Fwp%2Fv2%2Fcomments&post=45"}],"version-history":[{"count":9,"href":"https:\/\/naturheilpraxis-bodanrueck.de\/index.php?rest_route=\/wp\/v2\/pages\/45\/revisions"}],"predecessor-version":[{"id":1002,"href":"https:\/\/naturheilpraxis-bodanrueck.de\/index.php?rest_route=\/wp\/v2\/pages\/45\/revisions\/1002"}],"wp:attachment":[{"href":"https:\/\/naturheilpraxis-bodanrueck.de\/index.php?rest_route=%2Fwp%2Fv2%2Fmedia&parent=45"}],"curies":[{"name":"wp","href":"https:\/\/api.w.org\/{rel}","templated":true}]}}