{"id":366,"date":"2018-05-21T10:11:31","date_gmt":"2018-05-21T10:11:31","guid":{"rendered":"http:\/\/naturheilpraxis-bodanrueck.de\/?page_id=366"},"modified":"2018-07-24T14:03:50","modified_gmt":"2018-07-24T14:03:50","slug":"resonanztestung","status":"publish","type":"page","link":"https:\/\/naturheilpraxis-bodanrueck.de\/?page_id=366","title":{"rendered":"Resonanztestung"},"content":{"rendered":"<p><img loading=\"lazy\" decoding=\"async\" class=\"alignleft size-full wp-image-868\" src=\"http:\/\/naturheilpraxis-bodanrueck.de\/wp-content\/uploads\/2018\/07\/Therapie7.jpg\" alt=\"\" width=\"216\" height=\"194\" \/>Die bioenergetisches Testverfahren bieten die M\u00f6glichkeit, die energetische Ausgangslage des Menschen zu erfassen. Sie sind somit in der Lage energetische Dysregulationen aufzuzeigen.<\/p>\n<p>Die Resonanztestung dient der Aufdeckung unterst\u00fctzender und\/oder krankmachender Faktoren wie z.B.<\/p>\n<ul>\n<li>mikrobiologische Belastungen von Pilzen, Viren, Bakterien, Parasiten und ihre Stoffwechselprodukte<\/li>\n<li>Gifte aus der Umwelt<\/li>\n<li>Mangelzust\u00e4nde z.B. von Vitaminen und Mineralstoffen<\/li>\n<li>Belastungen wie E-Smog oder Geologische St\u00f6rfelder<\/li>\n<li>Allergene<\/li>\n<li>zahn\u00e4rztliche Stoffe<\/li>\n<li>und vieles mehr<\/li>\n<\/ul>\n<p>Die Resonanztestung f\u00fchre ich \u00fcber verschiedene Methoden durch:<\/p>\n<ul>\n<li><span style=\"text-decoration: underline;\"><strong>kinesiologischer Muskeltest<\/strong><\/span>\n<ul>\n<li><span style=\"font-size: 10pt;\">Mit Hilfe des einfach durchzuf\u00fchrenden Armmuskeltest, nur \u00fcber Ber\u00fchrungen, k\u00f6nnen schnell die Ursache einer Belastung und\/oder erforderliche Medikation zuverl\u00e4ssig ausgetestet werden. <\/span><span style=\"font-size: 10pt;\">Hierbei teilt das Unbewusste des Menschen selbst \u00fcber den Muskelreflex die erforderliche Information mit. Das Unterbewusstsein und der K\u00f6rper k\u00f6nnen nicht l\u00fcgen. Die Diagnosemethode ist schnell einfach und zuverl\u00e4ssig.<br \/>\n<\/span><span style=\"font-size: 10pt;\">Der kinesiologische Muskeltest geht auf Florence und Henry Kendall zur\u00fcck.<\/span><\/li>\n<\/ul>\n<\/li>\n<li><span style=\"text-decoration: underline;\"><strong>Test mit dem Biotensor (Einhandrute)<\/strong><\/span>\n<ul>\n<li><span style=\"font-size: 10pt;\">Hier gehen die belastenden und\/oder die unterst\u00fctzenden Substanzen und Faktoren, welche mit Hilfe von Testk\u00e4sten getestet werden, in Resonanz zum Organismus der gestesteten Person.<\/span><\/li>\n<\/ul>\n<\/li>\n<li><span style=\"text-decoration: underline;\"><strong>Testung mittels einem Bioresonanzger\u00e4t<\/strong><\/span>\n<ul>\n<li><span style=\"font-size: 10pt;\">Hier gehen die belastenden und\/oder die unterst\u00fctzenden Substanzen und Faktoren, welche mit Hilfe von Testk\u00e4sten getestet werden, in Resonanz zum Organismus der gestesteten Person.<\/span><\/li>\n<\/ul>\n<\/li>\n<li><span style=\"text-decoration: underline;\"><strong>passive radi\u00e4sthetische Testung<\/strong><\/span>\n<ul>\n<li><span style=\"font-size: 10pt;\">Erkennung von St\u00f6rfeldern durch E-Smog und geologischen St\u00f6rzonen wie Globalgitternetz, Wasseradern und Verwerfungen<\/span>.<\/li>\n<\/ul>\n<\/li>\n<\/ul>\n<p style=\"text-align: right;\"><span style=\"font-size: 8pt;\"><a href=\"http:\/\/naturheilpraxis-bodanrueck.de\/?page_id=725\"> zur \u00dcbersicht<\/a><\/span><\/p>\n","protected":false},"excerpt":{"rendered":"<p>Die bioenergetisches Testverfahren bieten die M\u00f6glichkeit, die energetische Ausgangslage des Menschen zu erfassen. Sie sind somit in der Lage energetische Dysregulationen aufzuzeigen. Die Resonanztestung dient der Aufdeckung unterst\u00fctzender und\/oder krankmachender Faktoren wie z.B. mikrobiologische Belastungen von Pilzen, Viren, Bakterien, Parasiten und ihre Stoffwechselprodukte Gifte aus der Umwelt Mangelzust\u00e4nde z.B. von Vitaminen und Mineralstoffen Belastungen wie <a href=\"https:\/\/naturheilpraxis-bodanrueck.de\/?page_id=366\" class=\"more-link\">...weiterlesen<span class=\"screen-reader-text\"> \"Resonanztestung\"<\/span><\/a><\/p>\n","protected":false},"author":1,"featured_media":0,"parent":0,"menu_order":0,"comment_status":"closed","ping_status":"closed","template":"","meta":{"footnotes":""},"class_list":["post-366","page","type-page","status-publish","h-entry","hentry","h-as-page"],"_links":{"self":[{"href":"https:\/\/naturheilpraxis-bodanrueck.de\/index.php?rest_route=\/wp\/v2\/pages\/366","targetHints":{"allow":["GET"]}}],"collection":[{"href":"https:\/\/naturheilpraxis-bodanrueck.de\/index.php?rest_route=\/wp\/v2\/pages"}],"about":[{"href":"https:\/\/naturheilpraxis-bodanrueck.de\/index.php?rest_route=\/wp\/v2\/types\/page"}],"author":[{"embeddable":true,"href":"https:\/\/naturheilpraxis-bodanrueck.de\/index.php?rest_route=\/wp\/v2\/users\/1"}],"replies":[{"embeddable":true,"href":"https:\/\/naturheilpraxis-bodanrueck.de\/index.php?rest_route=%2Fwp%2Fv2%2Fcomments&post=366"}],"version-history":[{"count":17,"href":"https:\/\/naturheilpraxis-bodanrueck.de\/index.php?rest_route=\/wp\/v2\/pages\/366\/revisions"}],"predecessor-version":[{"id":906,"href":"https:\/\/naturheilpraxis-bodanrueck.de\/index.php?rest_route=\/wp\/v2\/pages\/366\/revisions\/906"}],"wp:attachment":[{"href":"https:\/\/naturheilpraxis-bodanrueck.de\/index.php?rest_route=%2Fwp%2Fv2%2Fmedia&parent=366"}],"curies":[{"name":"wp","href":"https:\/\/api.w.org\/{rel}","templated":true}]}}