{"id":258,"date":"2018-05-19T23:35:40","date_gmt":"2018-05-19T23:35:40","guid":{"rendered":"http:\/\/naturheilpraxis-bodanrueck.de\/?page_id=258"},"modified":"2018-07-24T13:49:16","modified_gmt":"2018-07-24T13:49:16","slug":"nosodentherapie","status":"publish","type":"page","link":"https:\/\/naturheilpraxis-bodanrueck.de\/?page_id=258","title":{"rendered":"Nosodentherapie"},"content":{"rendered":"<p style=\"text-align: justify;\"><img loading=\"lazy\" decoding=\"async\" class=\"alignleft size-full wp-image-869\" src=\"http:\/\/naturheilpraxis-bodanrueck.de\/wp-content\/uploads\/2018\/07\/therapie10.jpg\" alt=\"\" width=\"218\" height=\"200\" \/>Nosoden sind naturheilkundliche spezielle Arzneimittel, die nach den Richtlinien und Regeln der Hom\u00f6opathie hergestellt werden. Sie grenzen sich trotzdem eindeutig von der klassischen Hom\u00f6opathie in Wirkungsprinzip und Anwendung ab. Es werden aus spezifischen abget\u00f6teten Erreger oder krankhaftem Material hom\u00f6opathisch potenziert (verd\u00fcnnt). Somit ist nur noch die energetische Information in den Globulis (K\u00fcgelchen) enthalten, die dann eingenommen werden.<\/p>\n<p style=\"text-align: justify;\">W\u00e4hrend die Hom\u00f6opathie wissenschaftlich inzwischen relativ gut dokumentiert und beleg ist, existieren auf dem Gebiet der Nosodentherapie noch keine so umfassenden Studien. F\u00fcr die Wirkungsweisen existieren jedoch Hypothesen.<\/p>\n<p style=\"text-align: justify;\">Die Klassische Hom\u00f6opathie richtet sich nach dem \u00c4hnlichkeitsprinzip: \u201e\u00c4hnliches mit \u00c4hnlichem heilen\u201c.\u00a0 Die Nosodentherapie findet, in Anlehnung an den Wirkmechanismus der Hom\u00f6opathie, nach der Regel den Gleichheitsprinzip: \u201eGleiches mit Gleichem heilen\u201c, sowie das Potenzieren, Anwendung.<\/p>\n<p style=\"text-align: justify;\">Dem K\u00f6rper sollten so, \u00e4hnlich wie in der Hom\u00f6opathie, Informationen vermittelt werden, die geschw\u00e4chte Abwehrkr\u00e4fte wieder st\u00e4rken k\u00f6nnen. Au\u00dferdem sollen Nosoden die Ausscheidung von Fremdstoffen im K\u00f6rper f\u00f6rdern, so dass Abwehrreaktionen zu Ende gebracht werden.<\/p>\n<p style=\"text-align: justify;\">Beobachtet werden k\u00f6nnten z.T. ganz erstaunliche Erfolge, besonders auf dem Gebiet der chronischen Erkrankungen, so dass ein Behandlungsversuch, bei fachgerechter Anwendung, immer empfehlenswert erscheint.<\/p>\n<p style=\"text-align: justify;\">Nosoden sind frei von Nebenwirkungen und Wechselwirkungen mit anderen Medikamenten und Hom\u00f6opathika. Bei der Einnahme kann es wie in der Hom\u00f6opathie zu einer so genannten Erstreaktion kommen, die als positiv zu werten ist und eine Reaktion des Immunsystems darstellt. Das Ausbleiben einer solchen Erstreaktion ist allerdings nicht als negativ zu bewerten.<\/p>\n<p style=\"text-align: justify;\">Dem K\u00f6rper werden so, \u00e4hnlich wie in der Hom\u00f6opathie, Informationen vermittelt, die geschw\u00e4chte Abwehrkr\u00e4fte wieder st\u00e4rken k\u00f6nnen. Das k\u00f6rpereigene Immunsystem wird durch die Einnahme der Nosoden gezielt angeregt und unterst\u00fctzt, um den krankhaften Prozess \u00fcberwinden und beenden zu k\u00f6nnen. Bei chronischen Erkrankungen l\u00f6sen Nosoden die Ablagerungen von Krankheitstoxinen im Gewebe und bringen sie \u00fcber den Lymphstrom ins Blut zur Ausscheidung.<\/p>\n<p style=\"text-align: justify;\">Durch die <a href=\"http:\/\/naturheilpraxis-bodanrueck.de\/?page_id=250\">Fu\u00dfreflexzonentherapie<\/a> und\/oder <a href=\"http:\/\/naturheilpraxis-bodanrueck.de\/?page_id=254\">Bioresonanztherapie<\/a> werden diese Vorg\u00e4nge gef\u00f6rdert und gleichzeitig die f\u00fcr die Ausscheidung zust\u00e4ndigen Organe in ihrer Funktion unterst\u00fctzt und gest\u00e4rkt.<\/p>\n<p style=\"text-align: justify;\">Die Nosodentherapie ist bei einer Vielzahl von Erkrankungen angezeigt. Angef\u00fchrt seien besonders chronische Krankheiten, aber auch akute, insbesondere Infektionskrankheiten, Zeckenbisserkrankungen, Pilzerkrankungen, alle entz\u00fcndlich rheumatischen Erkrankungen sowie auch Allergien. Besonders gute Erfolge sind in der Behandlung von Kindern zu beobachten. Besonders, wenn in der Krankengeschichte eines Patienten Infektionskrankheiten vorliegen, die der K\u00f6rper noch nicht g\u00e4nzlich abgewehrt hat und von der noch Giftstoffe geblieben sind, k\u00f6nnen diese durch das Verabreichen von Nosoden ausgeleitet werden.<\/p>\n<ul>\n<li>Bakterielle Infektionen<\/li>\n<li>chronische Erkrankungen <span style=\"text-decoration: underline;\">auch<\/span><br \/>\ndurch Kontakt mit Giftstoffen, Konservierungsstoffen,<br \/>\nInsektiziden und L\u00f6sungsmitteln<\/li>\n<li>Dickdarmerkrankungen<\/li>\n<li>D\u00fcnndarmerkrankungen<\/li>\n<li>Gyn\u00e4kologische Erkrankungen<\/li>\n<li>Herz-\/Kreislauferkrankungen<\/li>\n<li>Impfblockaden und -sch\u00e4den<\/li>\n<li>Leber-\/Gallerkrankungen<\/li>\n<li>Lymphgef\u00e4\u00dferkrankungen<\/li>\n<li>Nervenerkrankungen<\/li>\n<li>Nieren-\/Blasenerkrankungen<\/li>\n<li>Prostataerkrankungen<\/li>\n<li>Pilzerkrankungen<\/li>\n<li>Stoffwechselerkrankungen<\/li>\n<li>Therapiesch\u00e4den durch Antibiotika u. Chemotherapeutika<\/li>\n<li>Viruelle Erkrankungen<\/li>\n<li>Zahn- und Kiefererkrankungen<\/li>\n<li>Zeckenbisserkrankungen<\/li>\n<\/ul>\n<p style=\"text-align: right;\"><span style=\"font-size: 8pt;\"><a href=\"http:\/\/naturheilpraxis-bodanrueck.de\/?page_id=725\"> zur \u00dcbersicht<\/a><\/span><\/p>\n<p>&nbsp;<\/p>\n","protected":false},"excerpt":{"rendered":"<p>Nosoden sind naturheilkundliche spezielle Arzneimittel, die nach den Richtlinien und Regeln der Hom\u00f6opathie hergestellt werden. Sie grenzen sich trotzdem eindeutig von der klassischen Hom\u00f6opathie in Wirkungsprinzip und Anwendung ab. Es werden aus spezifischen abget\u00f6teten Erreger oder krankhaftem Material hom\u00f6opathisch potenziert (verd\u00fcnnt). Somit ist nur noch die energetische Information in den Globulis (K\u00fcgelchen) enthalten, die dann <a href=\"https:\/\/naturheilpraxis-bodanrueck.de\/?page_id=258\" class=\"more-link\">...weiterlesen<span class=\"screen-reader-text\"> \"Nosodentherapie\"<\/span><\/a><\/p>\n","protected":false},"author":1,"featured_media":0,"parent":0,"menu_order":0,"comment_status":"closed","ping_status":"closed","template":"","meta":{"footnotes":""},"class_list":["post-258","page","type-page","status-publish","h-entry","hentry","h-as-page"],"_links":{"self":[{"href":"https:\/\/naturheilpraxis-bodanrueck.de\/index.php?rest_route=\/wp\/v2\/pages\/258","targetHints":{"allow":["GET"]}}],"collection":[{"href":"https:\/\/naturheilpraxis-bodanrueck.de\/index.php?rest_route=\/wp\/v2\/pages"}],"about":[{"href":"https:\/\/naturheilpraxis-bodanrueck.de\/index.php?rest_route=\/wp\/v2\/types\/page"}],"author":[{"embeddable":true,"href":"https:\/\/naturheilpraxis-bodanrueck.de\/index.php?rest_route=\/wp\/v2\/users\/1"}],"replies":[{"embeddable":true,"href":"https:\/\/naturheilpraxis-bodanrueck.de\/index.php?rest_route=%2Fwp%2Fv2%2Fcomments&post=258"}],"version-history":[{"count":12,"href":"https:\/\/naturheilpraxis-bodanrueck.de\/index.php?rest_route=\/wp\/v2\/pages\/258\/revisions"}],"predecessor-version":[{"id":887,"href":"https:\/\/naturheilpraxis-bodanrueck.de\/index.php?rest_route=\/wp\/v2\/pages\/258\/revisions\/887"}],"wp:attachment":[{"href":"https:\/\/naturheilpraxis-bodanrueck.de\/index.php?rest_route=%2Fwp%2Fv2%2Fmedia&parent=258"}],"curies":[{"name":"wp","href":"https:\/\/api.w.org\/{rel}","templated":true}]}}