{"id":256,"date":"2018-05-19T23:35:30","date_gmt":"2018-05-19T23:35:30","guid":{"rendered":"http:\/\/naturheilpraxis-bodanrueck.de\/?page_id=256"},"modified":"2018-07-24T13:43:34","modified_gmt":"2018-07-24T13:43:34","slug":"bioenergetische-ganzheitsmedizin","status":"publish","type":"page","link":"https:\/\/naturheilpraxis-bodanrueck.de\/?page_id=256","title":{"rendered":"Bioenergetische Ganzheitsmedizin"},"content":{"rendered":"<p>Das naturheilkundliche Leitbild von der Einheit von K\u00f6rper, Geist und Seele, bedeutet eine ganzheitliche <img loading=\"lazy\" decoding=\"async\" class=\"wp-image-865 alignleft\" src=\"http:\/\/naturheilpraxis-bodanrueck.de\/wp-content\/uploads\/2018\/07\/therapie-9.jpg\" alt=\"\" width=\"185\" height=\"168\" \/>Betrachtung und Ber\u00fccksichtigung aller 4 Ebenen des Lebens:<\/p>\n<ul style=\"text-align: justify;\">\n<li>die spirituell\/mental\/psychische Ebene<\/li>\n<li>die bio-energetische\/bio-physikalische Ebene<\/li>\n<li>die bio-chemische Ebene<\/li>\n<li>und die bio-mechanische Ebene<\/li>\n<\/ul>\n<p style=\"text-align: justify;\">Alle 4 Ebenen werden nicht nur in ihrer Komplexit\u00e4t ber\u00fccksichtigt sondern auch in ihrer Individualit\u00e4t und in ihrer Wechselbeziehung untereinander.<\/p>\n<p style=\"text-align: justify;\">Mittels der \u201eVernetzten Testtechnik nach Martin Keymer, Therapeutisches Haus\u201c wird ganz individuell der gesamte Mensch mit all seinen Facetten und seinen Reaktions-, Regulations- und Kompensationsf\u00e4higkeiten erfasst.<\/p>\n<p style=\"text-align: justify;\">Hiermit k\u00f6nnen die urs\u00e4chlichen Ansatzpunkte exakt ermittelt und ein schl\u00fcssiges, systematisches und biologisches Behandlungskonzept erarbeitet und umgesetzt werden.<\/p>\n<p style=\"text-align: right;\"><span style=\"font-size: 8pt;\"><a href=\"http:\/\/naturheilpraxis-bodanrueck.de\/?page_id=725\"> zur \u00dcbersicht<\/a><\/span><\/p>\n","protected":false},"excerpt":{"rendered":"<p>Das naturheilkundliche Leitbild von der Einheit von K\u00f6rper, Geist und Seele, bedeutet eine ganzheitliche Betrachtung und Ber\u00fccksichtigung aller 4 Ebenen des Lebens: die spirituell\/mental\/psychische Ebene die bio-energetische\/bio-physikalische Ebene die bio-chemische Ebene und die bio-mechanische Ebene Alle 4 Ebenen werden nicht nur in ihrer Komplexit\u00e4t ber\u00fccksichtigt sondern auch in ihrer Individualit\u00e4t und in ihrer Wechselbeziehung untereinander. <a href=\"https:\/\/naturheilpraxis-bodanrueck.de\/?page_id=256\" class=\"more-link\">...weiterlesen<span class=\"screen-reader-text\"> \"Bioenergetische Ganzheitsmedizin\"<\/span><\/a><\/p>\n","protected":false},"author":1,"featured_media":0,"parent":0,"menu_order":0,"comment_status":"closed","ping_status":"closed","template":"","meta":{"footnotes":""},"class_list":["post-256","page","type-page","status-publish","h-entry","hentry","h-as-page"],"_links":{"self":[{"href":"https:\/\/naturheilpraxis-bodanrueck.de\/index.php?rest_route=\/wp\/v2\/pages\/256","targetHints":{"allow":["GET"]}}],"collection":[{"href":"https:\/\/naturheilpraxis-bodanrueck.de\/index.php?rest_route=\/wp\/v2\/pages"}],"about":[{"href":"https:\/\/naturheilpraxis-bodanrueck.de\/index.php?rest_route=\/wp\/v2\/types\/page"}],"author":[{"embeddable":true,"href":"https:\/\/naturheilpraxis-bodanrueck.de\/index.php?rest_route=\/wp\/v2\/users\/1"}],"replies":[{"embeddable":true,"href":"https:\/\/naturheilpraxis-bodanrueck.de\/index.php?rest_route=%2Fwp%2Fv2%2Fcomments&post=256"}],"version-history":[{"count":15,"href":"https:\/\/naturheilpraxis-bodanrueck.de\/index.php?rest_route=\/wp\/v2\/pages\/256\/revisions"}],"predecessor-version":[{"id":889,"href":"https:\/\/naturheilpraxis-bodanrueck.de\/index.php?rest_route=\/wp\/v2\/pages\/256\/revisions\/889"}],"wp:attachment":[{"href":"https:\/\/naturheilpraxis-bodanrueck.de\/index.php?rest_route=%2Fwp%2Fv2%2Fmedia&parent=256"}],"curies":[{"name":"wp","href":"https:\/\/api.w.org\/{rel}","templated":true}]}}