{"id":250,"date":"2018-05-19T23:34:11","date_gmt":"2018-05-19T23:34:11","guid":{"rendered":"http:\/\/naturheilpraxis-bodanrueck.de\/?page_id=250"},"modified":"2018-07-24T13:42:05","modified_gmt":"2018-07-24T13:42:05","slug":"fussreflexzonendiagnostik-therapie","status":"publish","type":"page","link":"https:\/\/naturheilpraxis-bodanrueck.de\/?page_id=250","title":{"rendered":"Fu\u00dfreflexzonendiagnostik und -therapie"},"content":{"rendered":"<p lang=\"de-DE\" align=\"JUSTIFY\"><img loading=\"lazy\" decoding=\"async\" class=\"alignleft size-full wp-image-866\" src=\"http:\/\/naturheilpraxis-bodanrueck.de\/wp-content\/uploads\/2018\/07\/Therapie4.jpg\" alt=\"\" width=\"219\" height=\"198\" \/>Die Fu\u00dfreflexzonenbehandlung\u00a0 ist eine Spezialtherapie, welches sich im Laufe von vielen Jahren aus altem Volkswissen entwickelt hat. Sie ist mehr als eine \u00fcbliche Fu\u00dfmassage, denn durch gezielte Druck- und Massagepunkte am Fu\u00df k\u00f6nnen\u00a0 k\u00f6rperliche und seelische Beschwerden im restlichen K\u00f6rper gel\u00f6st werden.<\/p>\n<p lang=\"de-DE\" align=\"JUSTIFY\">Die Reflexzonentherapie geht von einem ganzheitlichen K\u00f6rperbild aus und nach der Lehre spiegelt sich der menschliche K\u00f6rper im Fu\u00df. Man kann also sagen, dass der Fu\u00df wie eine kleine Landkarte den K\u00f6rper und seine Beschwerden repr\u00e4sentiert.\u00a0 Alle Organe, Nerven, Muskeln und Knochen sind \u00fcber Reflexwege mit einzelnen Zonen am Fu\u00df verbunden. \u00dcber diese Verbindungen k\u00f6nnen Diagnosen gestellt und durch spezielle Techniken der Akupressur verschiedener Akupunkturpunkte am Fu\u00df, St\u00f6rungen und Krankheiten durch Aktivierung der Selbstheilungskr\u00e4fte behoben werden. Au\u00dferdem eignet sich die Fu\u00dfreflexzonendiagnose sehr gut dazu den Verlauf eines Krankheitsbildes zu dokumentieren und Ver\u00e4nderungen festzustellen.<\/p>\n<p lang=\"de-DE\" align=\"JUSTIFY\">Ich arbeite mit der Fu\u00dfreflezonendiagnostik u. -therapie nach dem Energie-Punkte-System von E. Fust.<\/p>\n<div id=\"cc-m-13531393827\" class=\"j-module n j-hgrid \">\n<div class=\"cc-m-hgrid-column\" style=\"text-align: right;\">\u008d<a href=\"http:\/\/naturheilpraxis-bodanrueck.de\/?page_id=725\"><span style=\"font-size: 8pt;\"> zur \u00dcbersicht<\/span><\/a><\/div>\n<div style=\"text-align: right;\"><\/div>\n<\/div>\n<div><\/div>\n<div><\/div>\n","protected":false},"excerpt":{"rendered":"<p>Die Fu\u00dfreflexzonenbehandlung\u00a0 ist eine Spezialtherapie, welches sich im Laufe von vielen Jahren aus altem Volkswissen entwickelt hat. Sie ist mehr als eine \u00fcbliche Fu\u00dfmassage, denn durch gezielte Druck- und Massagepunkte am Fu\u00df k\u00f6nnen\u00a0 k\u00f6rperliche und seelische Beschwerden im restlichen K\u00f6rper gel\u00f6st werden. Die Reflexzonentherapie geht von einem ganzheitlichen K\u00f6rperbild aus und nach der Lehre spiegelt <a href=\"https:\/\/naturheilpraxis-bodanrueck.de\/?page_id=250\" class=\"more-link\">...weiterlesen<span class=\"screen-reader-text\"> \"Fu\u00dfreflexzonendiagnostik und -therapie\"<\/span><\/a><\/p>\n","protected":false},"author":1,"featured_media":0,"parent":0,"menu_order":0,"comment_status":"closed","ping_status":"closed","template":"","meta":{"footnotes":""},"class_list":["post-250","page","type-page","status-publish","h-entry","hentry","h-as-page"],"_links":{"self":[{"href":"https:\/\/naturheilpraxis-bodanrueck.de\/index.php?rest_route=\/wp\/v2\/pages\/250","targetHints":{"allow":["GET"]}}],"collection":[{"href":"https:\/\/naturheilpraxis-bodanrueck.de\/index.php?rest_route=\/wp\/v2\/pages"}],"about":[{"href":"https:\/\/naturheilpraxis-bodanrueck.de\/index.php?rest_route=\/wp\/v2\/types\/page"}],"author":[{"embeddable":true,"href":"https:\/\/naturheilpraxis-bodanrueck.de\/index.php?rest_route=\/wp\/v2\/users\/1"}],"replies":[{"embeddable":true,"href":"https:\/\/naturheilpraxis-bodanrueck.de\/index.php?rest_route=%2Fwp%2Fv2%2Fcomments&post=250"}],"version-history":[{"count":25,"href":"https:\/\/naturheilpraxis-bodanrueck.de\/index.php?rest_route=\/wp\/v2\/pages\/250\/revisions"}],"predecessor-version":[{"id":888,"href":"https:\/\/naturheilpraxis-bodanrueck.de\/index.php?rest_route=\/wp\/v2\/pages\/250\/revisions\/888"}],"wp:attachment":[{"href":"https:\/\/naturheilpraxis-bodanrueck.de\/index.php?rest_route=%2Fwp%2Fv2%2Fmedia&parent=250"}],"curies":[{"name":"wp","href":"https:\/\/api.w.org\/{rel}","templated":true}]}}