{"id":246,"date":"2018-05-19T23:32:14","date_gmt":"2018-05-19T23:32:14","guid":{"rendered":"http:\/\/naturheilpraxis-bodanrueck.de\/?page_id=246"},"modified":"2018-07-21T21:23:14","modified_gmt":"2018-07-21T21:23:14","slug":"diagnose-therapie","status":"publish","type":"page","link":"https:\/\/naturheilpraxis-bodanrueck.de\/?page_id=246","title":{"rendered":"Diagnose &#038; Therapie alt"},"content":{"rendered":"<h3 class=\"c-pagetitle u-inset\"><em><strong>Die Schwerpunkte meiner Diagnose- &amp; Therapieverfahren<\/strong><\/em><\/h3>\n<table border=\"1\">\n<tbody>\n<tr>\n<td><a href=\"http:\/\/naturheilpraxis-bodanrueck.de\/?page_id=250\"><img loading=\"lazy\" decoding=\"async\" class=\"alignleft size-thumbnail wp-image-332\" src=\"http:\/\/naturheilpraxis-bodanrueck.de\/wp-content\/uploads\/2018\/05\/Fussreflex-150x150.jpg\" alt=\"\" width=\"150\" height=\"150\" \/><\/a><\/td>\n<td><a href=\"http:\/\/naturheilpraxis-bodanrueck.de\/?page_id=258\"><img loading=\"lazy\" decoding=\"async\" class=\"alignleft size-thumbnail wp-image-333\" src=\"http:\/\/naturheilpraxis-bodanrueck.de\/wp-content\/uploads\/2018\/05\/Nosodentherapie-150x150.jpg\" alt=\"\" width=\"150\" height=\"150\" \/><\/a><\/td>\n<td><a href=\"http:\/\/naturheilpraxis-bodanrueck.de\/?page_id=254\"><img loading=\"lazy\" decoding=\"async\" class=\"alignleft size-thumbnail wp-image-331\" src=\"http:\/\/naturheilpraxis-bodanrueck.de\/wp-content\/uploads\/2018\/05\/Bioresonanz-150x150.jpg\" alt=\"\" width=\"150\" height=\"150\" \/><\/a><\/td>\n<\/tr>\n<tr>\n<td style=\"text-align: center;\"><a href=\"http:\/\/naturheilpraxis-bodanrueck.de\/?page_id=250\">Fu\u00dfreflexzonen-diagnostik &amp; -therapie<\/a><\/td>\n<td style=\"text-align: center;\"><a href=\"http:\/\/naturheilpraxis-bodanrueck.de\/?page_id=258\">Nosodentherapie<\/a><\/td>\n<td style=\"text-align: center;\"><a href=\"http:\/\/naturheilpraxis-bodanrueck.de\/?page_id=254\">Bioresonanz-<br \/>\ndiagnostik &amp; -therapie<\/a><\/td>\n<\/tr>\n<tr>\n<td><a href=\"http:\/\/naturheilpraxis-bodanrueck.de\/?page_id=256\"><img loading=\"lazy\" decoding=\"async\" class=\"alignleft size-thumbnail wp-image-330\" src=\"http:\/\/naturheilpraxis-bodanrueck.de\/wp-content\/uploads\/2018\/05\/Bioenergetische-Ganzheitsmedizin-150x150.jpg\" alt=\"\" width=\"150\" height=\"150\" \/><\/a><\/td>\n<td><a href=\"http:\/\/naturheilpraxis-bodanrueck.de\/?page_id=366\"><img loading=\"lazy\" decoding=\"async\" class=\"alignleft size-thumbnail wp-image-335\" src=\"http:\/\/naturheilpraxis-bodanrueck.de\/wp-content\/uploads\/2018\/05\/Resonanztestung-150x150.jpg\" alt=\"\" width=\"150\" height=\"150\" \/><\/a><\/td>\n<td><a href=\"http:\/\/naturheilpraxis-bodanrueck.de\/?page_id=579\"><img loading=\"lazy\" decoding=\"async\" class=\"alignleft size-thumbnail wp-image-334\" src=\"http:\/\/naturheilpraxis-bodanrueck.de\/wp-content\/uploads\/2018\/05\/Passionsblume-150x150.jpg\" alt=\"\" width=\"150\" height=\"150\" \/><\/a><\/td>\n<\/tr>\n<tr>\n<td style=\"text-align: center;\"><a href=\"http:\/\/naturheilpraxis-bodanrueck.de\/?page_id=256\">Bioenergetische Ganzheitsmedizin<\/a><\/td>\n<td style=\"text-align: center;\"><a href=\"http:\/\/naturheilpraxis-bodanrueck.de\/?page_id=366\">Resonanztestung<\/a><\/td>\n<td style=\"text-align: center;\"><a href=\"http:\/\/naturheilpraxis-bodanrueck.de\/?page_id=579\">Bl\u00fcten- &amp; weitere Essenzen<\/a><\/td>\n<\/tr>\n<tr>\n<td><a href=\"http:\/\/naturheilpraxis-bodanrueck.de\/?page_id=523\"><img loading=\"lazy\" decoding=\"async\" class=\"alignleft size-thumbnail wp-image-457\" src=\"http:\/\/naturheilpraxis-bodanrueck.de\/wp-content\/uploads\/2018\/05\/xxx-150x150.jpg\" alt=\"\" width=\"150\" height=\"150\" \/><\/a><\/td>\n<td><a href=\"http:\/\/naturheilpraxis-bodanrueck.de\/?page_id=519\"><img loading=\"lazy\" decoding=\"async\" class=\"alignleft size-thumbnail wp-image-338\" src=\"http:\/\/naturheilpraxis-bodanrueck.de\/wp-content\/uploads\/2018\/05\/Pilzerkankungen-150x150.jpg\" alt=\"\" width=\"150\" height=\"150\" \/><\/a><\/td>\n<td><a href=\"http:\/\/naturheilpraxis-bodanrueck.de\/?page_id=581\"><img loading=\"lazy\" decoding=\"async\" class=\"alignleft size-thumbnail wp-image-532\" src=\"http:\/\/naturheilpraxis-bodanrueck.de\/wp-content\/uploads\/2018\/05\/Hormon-150x150.jpg\" alt=\"\" width=\"150\" height=\"150\" \/><\/a><\/td>\n<\/tr>\n<tr>\n<td style=\"text-align: center;\"><a href=\"http:\/\/naturheilpraxis-bodanrueck.de\/?page_id=523\">Zeckenbiss-erkrankungen<\/a><\/td>\n<td style=\"text-align: center;\"><a href=\"http:\/\/naturheilpraxis-bodanrueck.de\/?page_id=519\">Pilzerkrankungen (Mykosen)<\/a><\/td>\n<td style=\"text-align: center;\"><a href=\"http:\/\/naturheilpraxis-bodanrueck.de\/?page_id=581\">Hormonbalance<\/a><\/td>\n<\/tr>\n<\/tbody>\n<\/table>\n<p>&nbsp;<\/p>\n<h4><strong>Aus rechtlichen Gr\u00fcnden weise ich darauf hin, dass meine Therapieverfahren und deren Wirkungen schulmedizinisch\/wissenschaftlich weder bewiesen noch anerkannt sind. Sie beruhen ausschlie\u00dflich auf dem Erfahrungswissen der Naturheilkunde. Der Verlauf und Erfolg der Behandlung h\u00e4ngt stets von individuellen Faktoren des Patienten ab. Bei keiner der aufgef\u00fchrten Therapien verspreche oder garantiere ich eine Heilung oder Linderung einer Erkrankung.<\/strong><\/h4>\n<p>&nbsp;<\/p>\n<p>&nbsp;<\/p>\n<p>&nbsp;<\/p>\n<p>&nbsp;<\/p>\n<p>&nbsp;<\/p>\n<p>&nbsp;<\/p>\n<p>&nbsp;<\/p>\n","protected":false},"excerpt":{"rendered":"<p>Die Schwerpunkte meiner Diagnose- &amp; Therapieverfahren Fu\u00dfreflexzonen-diagnostik &amp; -therapie Nosodentherapie Bioresonanz- diagnostik &amp; -therapie Bioenergetische Ganzheitsmedizin Resonanztestung Bl\u00fcten- &amp; weitere Essenzen Zeckenbiss-erkrankungen Pilzerkrankungen (Mykosen) Hormonbalance &nbsp; Aus rechtlichen Gr\u00fcnden weise ich darauf hin, dass meine Therapieverfahren und deren Wirkungen schulmedizinisch\/wissenschaftlich weder bewiesen noch anerkannt sind. Sie beruhen ausschlie\u00dflich auf dem Erfahrungswissen der Naturheilkunde. Der Verlauf <a href=\"https:\/\/naturheilpraxis-bodanrueck.de\/?page_id=246\" class=\"more-link\">...weiterlesen<span class=\"screen-reader-text\"> \"Diagnose &#038; Therapie alt\"<\/span><\/a><\/p>\n","protected":false},"author":1,"featured_media":0,"parent":0,"menu_order":0,"comment_status":"closed","ping_status":"closed","template":"","meta":{"footnotes":""},"class_list":["post-246","page","type-page","status-publish","h-entry","hentry","h-as-page"],"_links":{"self":[{"href":"https:\/\/naturheilpraxis-bodanrueck.de\/index.php?rest_route=\/wp\/v2\/pages\/246","targetHints":{"allow":["GET"]}}],"collection":[{"href":"https:\/\/naturheilpraxis-bodanrueck.de\/index.php?rest_route=\/wp\/v2\/pages"}],"about":[{"href":"https:\/\/naturheilpraxis-bodanrueck.de\/index.php?rest_route=\/wp\/v2\/types\/page"}],"author":[{"embeddable":true,"href":"https:\/\/naturheilpraxis-bodanrueck.de\/index.php?rest_route=\/wp\/v2\/users\/1"}],"replies":[{"embeddable":true,"href":"https:\/\/naturheilpraxis-bodanrueck.de\/index.php?rest_route=%2Fwp%2Fv2%2Fcomments&post=246"}],"version-history":[{"count":60,"href":"https:\/\/naturheilpraxis-bodanrueck.de\/index.php?rest_route=\/wp\/v2\/pages\/246\/revisions"}],"predecessor-version":[{"id":802,"href":"https:\/\/naturheilpraxis-bodanrueck.de\/index.php?rest_route=\/wp\/v2\/pages\/246\/revisions\/802"}],"wp:attachment":[{"href":"https:\/\/naturheilpraxis-bodanrueck.de\/index.php?rest_route=%2Fwp%2Fv2%2Fmedia&parent=246"}],"curies":[{"name":"wp","href":"https:\/\/api.w.org\/{rel}","templated":true}]}}